{"id":11964,"date":"2024-10-21T09:06:47","date_gmt":"2024-10-21T09:06:47","guid":{"rendered":"https:\/\/www.riversidevangvieng.com\/?page_id=11964"},"modified":"2024-12-17T03:25:45","modified_gmt":"2024-12-17T03:25:45","slug":"nos-services","status":"publish","type":"page","link":"https:\/\/www.riversidevangvieng.com\/fr\/nos-services\/","title":{"rendered":"Nos services"},"content":{"rendered":"<div class=\"wpb-content-wrapper\"><p>[vc_row][vc_column][vc_empty_space][vc_single_image image=\u00a0\u00bb11759&Prime; img_size=\u00a0\u00bbfull\u00a0\u00bb alignment=\u00a0\u00bbcenter\u00a0\u00bb css=\u00a0\u00bb\u00a0\u00bb][\/vc_column][\/vc_row][vc_row][vc_column][vc_column_text css=\u00a0\u00bb\u00a0\u00bb]<\/p>\n<h3 style=\"text-align: center;\">Nos services<\/h3>\n<p>[\/vc_column_text][\/vc_column][\/vc_row][vc_row content_placement=\u00a0\u00bbmiddle\u00a0\u00bb][vc_column width=\u00a0\u00bb1\/2&Prime;][vc_column_text css=\u00a0\u00bb\u00a0\u00bb]<strong>Berceaux<br \/>\nContactez la r\u00e9ception si vous avez besoin d&rsquo;un berceau.<\/strong><\/p>\n<p><strong>Boissons et minibar<\/strong><br \/>\nUn minibar est disponible dans toutes les chambres. Veuillez contacter la r\u00e9ception si vous souhaitez un article suppl\u00e9mentaire.<\/p>\n<p><strong>Caf\u00e9\/Th\u00e9<\/strong><br \/>\nUne bouilloire et ce qu&rsquo;il faut pour pr\u00e9parer un caf\u00e9 ou du th\u00e9 est mis \u00e0 votre disposition gratuitement dans votre chambre.<\/p>\n<p><strong>Cartes de cr\u00e9dit<\/strong><br \/>\nNous acceptons MasterCard, VISA et AMEX.<\/p>\n<p><strong>Climatisation<\/strong><br \/>\nVotre chambre est \u00e9quip\u00e9e d&rsquo;une climatisation \u00e0 r\u00e9glage individuel vous permettant de r\u00e9gler la temp\u00e9rature selon vos pr\u00e9f\u00e9rences. Garder votre chambre \u00e0 une temp\u00e9rature confortable est important, mais c&rsquo;est l&rsquo;un des principaux contributeurs aux \u00e9missions de gaz \u00e0 effet de serre dans l&rsquo;h\u00e9bergement. Vous pouvez aider en n\u2019ajustant pas le thermostat plus que n\u00e9cessaire et en vous assurant que les unit\u00e9s de chauffage\/refroidissement sont \u00e9teintes chaque fois que les portes ou les fen\u00eatres sont ouvertes.<\/p>\n<p><strong>Coffre-fort<\/strong><br \/>\nUn coffre-fort \u00e9lectronique est situ\u00e9 dans votre chambre. Veuillez suivre les instructions qui figurent sur la bo\u00eete.<\/p>\n<p><strong>Commentaires<\/strong><br \/>\nNous appr\u00e9cierions votre avis concernant votre s\u00e9jour chez nous. Veuillez prendre quelques minutes pour remplir le formulaire de commentaires. Il y a toujours un responsable de service si vous souhaitez discuter de quoi que ce soit pendant votre s\u00e9jour.<\/p>\n<p><strong>Eau<\/strong><br \/>\nIl est d\u00e9conseill\u00e9 de boire l&rsquo;eau du robinet. Deux bouteilles d&rsquo;eau potable gratuites sont mises \u00e0 votre disposition quotidiennement dans votre chambre.<\/p>\n<p><strong>Glace<\/strong><br \/>\nDisponible au bar entre 7h00 et 22h00.<\/p>\n<p><strong>Heure de d\u00e9part<\/strong><br \/>\nL\u2019heure de d\u00e9part est 12h00 (midi). Contactez la r\u00e9ception si vous avez besoin d&rsquo;un d\u00e9part tardif. Le d\u00e9part tardif sera possible dans la mesure du possible mais des frais suppl\u00e9mentaires peuvent s&rsquo;appliquer.<\/p>\n<p><strong>Internet<\/strong><br \/>\nNous fournissons un acc\u00e8s Internet haut d\u00e9bit sans fil gratuit dans tout l&rsquo;h\u00f4tel. Veuillez contacter la r\u00e9ception pour obtenir un mot de passe.<\/p>\n<p><strong>Lessive<\/strong><br \/>\nDes sacs \u00e0 linge et une liste de prix se trouvent dans votre garde-robe. Le linge sera collect\u00e9 quotidiennement.<\/p>\n<p>[\/vc_column_text][\/vc_column][vc_column width=\u00a0\u00bb1\/2&Prime;][vc_column_text css=\u00a0\u00bb\u00a0\u00bb]<strong>Ne pas \u00eatre d\u00e9rang\u00e9<\/strong><br \/>\nSi vous ne souhaitez pas \u00eatre d\u00e9rang\u00e9, veuillez placer le panneau \u00ab Ne pas d\u00e9ranger \u00bb devant la porte de votre chambre. Votre porte d&rsquo;entr\u00e9e dispose par ailleurs d&rsquo;un loquet de s\u00e9curit\u00e9 et d&rsquo;un judas.<\/p>\n<p><strong>Objets perdus<\/strong><br \/>\nVeuillez contacter la r\u00e9ception pour vous renseigner sur tout objet perdu ou trouv\u00e9.<\/p>\n<p><strong>Piscine<\/strong><br \/>\nLa piscine est situ\u00e9e au centre de la propri\u00e9t\u00e9, surplombant la rivi\u00e8re Nam Song. Notre personnel est disponible pour vous servir pendant que vous vous d\u00e9tendez au bord de la piscine.<\/p>\n<p><strong>Petit-d\u00e9jeuner<\/strong><br \/>\nLe petit-d\u00e9jeuner est servi tous les jours au restaurant Crabe d&rsquo;Or entre 7h00 et 10h00.<\/p>\n<p><strong>R\u00e9ception<\/strong><br \/>\nNotre service client est disponible 24 heures sur 24. N&rsquo;h\u00e9sitez pas \u00e0 contacter l&rsquo;\u00e9quipe de la r\u00e9ception si vous avez besoin de leur aide.<\/p>\n<p><strong>S\u00e8che-cheveux<\/strong><br \/>\nUn s\u00e8che-cheveux est situ\u00e9 dans votre chambre.<\/p>\n<p><strong>Service de bagages<\/strong><br \/>\nVeuillez contacter la r\u00e9ception\/concierge si vous souhaitez obtenir de l&rsquo;aide avec vos bagages.<\/p>\n<p><strong>Services de conciergerie<\/strong><br \/>\nContactez le concierge pour obtenir des recommandations et de l&rsquo;aide concernant les restaurants, les activit\u00e9s et les attractions locales, ainsi que pour organiser vos transports et les visites touristiques.<\/p>\n<p><strong>Service de r\u00e9veil<\/strong><br \/>\nContactez la r\u00e9ception si vous souhaitez \u00eatre r\u00e9veill\u00e9 \u00e0 une heure pr\u00e9cise.<\/p>\n<p><strong>Service normal<\/strong><br \/>\nVotre chambre sera nettoy\u00e9e quotidiennement. Si vous avez une demande particuli\u00e8re ou un besoin particulier, veuillez contacter la R\u00e9ception et nous nous efforcerons de r\u00e9pondre \u00e0 vos demandes.<\/p>\n<p><strong>Serviettes de piscine<\/strong><br \/>\nLes serviettes de piscine sont situ\u00e9es sur les chaises longues autour de la piscine.<\/p>\n<p><strong>Urgences ou assistance m\u00e9dicale<\/strong><br \/>\nVeuillez composer le \u00ab 0 \u00bb et expliquer la situation \u00e0 l&rsquo;op\u00e9rateur. Pour obtenir des informations sur la s\u00e9curit\u00e9, reportez-vous \u00e0 la section correspondante de ce guide.<\/p>\n<p><strong>V\u00e9los<\/strong><br \/>\nDes v\u00e9los peuvent \u00eatre lou\u00e9s au complexe, veuillez contacter la r\u00e9ception.<\/p>\n<p><strong>Visiteurs<\/strong><br \/>\nLes clients non enregistr\u00e9s ne sont pas autoris\u00e9s dans les chambres apr\u00e8s 22h00.<\/p>\n<p><strong>Voltage<\/strong><br \/>\nLa tension \u00e9lectrique au Lao est de 220 V.[\/vc_column_text][\/vc_column][\/vc_row][vc_row css=\u00a0\u00bb.vc_custom_1729503238166{background-color: #fbfaf6 !important;}\u00a0\u00bb][vc_column][vc_empty_space][vc_row_inner][vc_column_inner width=\u00a0\u00bb1\/3&Prime;][vc_column_text css=\u00a0\u00bb\u00a0\u00bb]<\/p>\n<h3 style=\"text-align: center;\">Restaurant du Crabe d&rsquo;or<\/h3>\n<p>[\/vc_column_text][vc_column_text css=\u00a0\u00bb\u00a0\u00bb]<\/p>\n<p style=\"text-align: center;\">Petit d\u00e9jeuner : 7:00 am \u00e0 10:00 am<\/p>\n<p>&nbsp;<\/p>\n<p style=\"text-align: center;\">D\u00eener: 6:30 pm \u00e0 10:00 pm<\/p>\n<p style=\"text-align: center;\">(Derni\u00e8res commandes \u00e0 9:30 pm)<\/p>\n<p>[\/vc_column_text][\/vc_column_inner][vc_column_inner width=\u00a0\u00bb1\/3&Prime;][vc_column_text css=\u00a0\u00bb\u00a0\u00bb]<\/p>\n<h3 style=\"text-align: center;\">Nam Song Lounge &amp; Bar<\/h3>\n<p>[\/vc_column_text][vc_column_text css=\u00a0\u00bb\u00a0\u00bb]<\/p>\n<p style=\"text-align: center;\">D\u00e9jeuner : midi \u2013 2:00 pm<\/p>\n<p>&nbsp;<\/p>\n<p style=\"text-align: center;\">Bar : 10:00 am \u00e0 10:00 pm<\/p>\n<p style=\"text-align: center;\">(Derni\u00e8res commandes \u00e0 9:30 pm)<\/p>\n<p>&nbsp;<\/p>\n<p style=\"text-align: center;\">Happy hour : 5:00 pm \u00e0 7:00 pm<\/p>\n<p>[\/vc_column_text][\/vc_column_inner][vc_column_inner width=\u00a0\u00bb1\/3&Prime;][vc_column_text css=\u00a0\u00bb\u00a0\u00bb]<\/p>\n<h3 style=\"text-align: center;\">Riverside Sala Spa<\/h3>\n<p>[\/vc_column_text][vc_column_text css=\u00a0\u00bb\u00a0\u00bb]<\/p>\n<p style=\"text-align: center;\">10:00 am \u00e0 9:30 pm<\/p>\n<p style=\"text-align: center;\">(Dernier rendez-vous \u00e0 8:00 pm)<\/p>\n<p>[\/vc_column_text][\/vc_column_inner][\/vc_row_inner][\/vc_column][\/vc_row][vc_row][vc_column][vc_empty_space][\/vc_column][\/vc_row]<\/p>\n<\/div>","protected":false},"excerpt":{"rendered":"<p>[vc_row][vc_column][vc_empty_space][vc_single_image image=\u00a0\u00bb11759&Prime; img_size=\u00a0\u00bbfull\u00a0\u00bb alignment=\u00a0\u00bbcenter\u00a0\u00bb css=\u00a0\u00bb\u00a0\u00bb][\/vc_column][\/vc_row][vc_row][vc_column][vc_column_text css=\u00a0\u00bb\u00a0\u00bb] Nos services [\/vc_column_text][\/vc_column][\/vc_row][vc_row content_placement=\u00a0\u00bbmiddle\u00a0\u00bb][vc_column width=\u00a0\u00bb1\/2&Prime;][vc_column_text css=\u00a0\u00bb\u00a0\u00bb]Berceaux Contactez la r\u00e9ception si vous avez besoin d&rsquo;un berceau. Boissons et minibar Un minibar est disponible dans toutes les chambres. Veuillez contacter la r\u00e9ception si vous souhaitez un article suppl\u00e9mentaire. Caf\u00e9\/Th\u00e9 Une bouilloire et ce qu&rsquo;il faut pour pr\u00e9parer un caf\u00e9 ou du [&hellip;]<\/p>\n","protected":false},"author":2,"featured_media":0,"parent":0,"menu_order":0,"comment_status":"closed","ping_status":"closed","template":"","meta":{"footnotes":""},"class_list":["post-11964","page","type-page","status-publish","hentry"],"yoast_head":"<!-- This site is optimized with the Yoast SEO plugin v27.3 - https:\/\/yoast.com\/product\/yoast-seo-wordpress\/ -->\n<title>Nos services - Riverside Boutique Resort<\/title>\n<meta name=\"robots\" content=\"index, follow, max-snippet:-1, max-image-preview:large, max-video-preview:-1\" \/>\n<link rel=\"canonical\" href=\"https:\/\/www.riversidevangvieng.com\/fr\/nos-services\/\" \/>\n<meta property=\"og:locale\" content=\"fr_FR\" \/>\n<meta property=\"og:type\" content=\"article\" \/>\n<meta property=\"og:title\" content=\"Nos services - Riverside Boutique Resort\" \/>\n<meta property=\"og:description\" content=\"[vc_row][vc_column][vc_empty_space][vc_single_image image=\u00a0\u00bb11759&Prime; img_size=\u00a0\u00bbfull\u00a0\u00bb alignment=\u00a0\u00bbcenter\u00a0\u00bb css=\u00a0\u00bb\u00a0\u00bb][\/vc_column][\/vc_row][vc_row][vc_column][vc_column_text css=\u00a0\u00bb\u00a0\u00bb] Nos services [\/vc_column_text][\/vc_column][\/vc_row][vc_row content_placement=\u00a0\u00bbmiddle\u00a0\u00bb][vc_column width=\u00a0\u00bb1\/2&Prime;][vc_column_text css=\u00a0\u00bb\u00a0\u00bb]Berceaux Contactez la r\u00e9ception si vous avez besoin d&rsquo;un berceau. Boissons et minibar Un minibar est disponible dans toutes les chambres. Veuillez contacter la r\u00e9ception si vous souhaitez un article suppl\u00e9mentaire. Caf\u00e9\/Th\u00e9 Une bouilloire et ce qu&rsquo;il faut pour pr\u00e9parer un caf\u00e9 ou du [&hellip;]\" \/>\n<meta property=\"og:url\" content=\"https:\/\/www.riversidevangvieng.com\/fr\/nos-services\/\" \/>\n<meta property=\"og:site_name\" content=\"Riverside Boutique Resort\" \/>\n<meta property=\"article:modified_time\" content=\"2024-12-17T03:25:45+00:00\" \/>\n<meta name=\"twitter:card\" content=\"summary_large_image\" \/>\n<meta name=\"twitter:label1\" content=\"Dur\u00e9e de lecture estim\u00e9e\" \/>\n\t<meta name=\"twitter:data1\" content=\"4 minutes\" \/>\n<script type=\"application\/ld+json\" class=\"yoast-schema-graph\">{\"@context\":\"https:\\\/\\\/schema.org\",\"@graph\":[{\"@type\":\"WebPage\",\"@id\":\"https:\\\/\\\/www.riversidevangvieng.com\\\/fr\\\/nos-services\\\/\",\"url\":\"https:\\\/\\\/www.riversidevangvieng.com\\\/fr\\\/nos-services\\\/\",\"name\":\"Nos services - Riverside Boutique Resort\",\"isPartOf\":{\"@id\":\"https:\\\/\\\/www.riversidevangvieng.com\\\/fr\\\/#website\"},\"datePublished\":\"2024-10-21T09:06:47+00:00\",\"dateModified\":\"2024-12-17T03:25:45+00:00\",\"breadcrumb\":{\"@id\":\"https:\\\/\\\/www.riversidevangvieng.com\\\/fr\\\/nos-services\\\/#breadcrumb\"},\"inLanguage\":\"fr-FR\",\"potentialAction\":[{\"@type\":\"ReadAction\",\"target\":[\"https:\\\/\\\/www.riversidevangvieng.com\\\/fr\\\/nos-services\\\/\"]}]},{\"@type\":\"BreadcrumbList\",\"@id\":\"https:\\\/\\\/www.riversidevangvieng.com\\\/fr\\\/nos-services\\\/#breadcrumb\",\"itemListElement\":[{\"@type\":\"ListItem\",\"position\":1,\"name\":\"Home\",\"item\":\"https:\\\/\\\/www.riversidevangvieng.com\\\/fr\\\/\"},{\"@type\":\"ListItem\",\"position\":2,\"name\":\"Nos services\"}]},{\"@type\":\"WebSite\",\"@id\":\"https:\\\/\\\/www.riversidevangvieng.com\\\/fr\\\/#website\",\"url\":\"https:\\\/\\\/www.riversidevangvieng.com\\\/fr\\\/\",\"name\":\"Riverside Boutique Resort\",\"description\":\"Vang Vieng in Style\",\"potentialAction\":[{\"@type\":\"SearchAction\",\"target\":{\"@type\":\"EntryPoint\",\"urlTemplate\":\"https:\\\/\\\/www.riversidevangvieng.com\\\/fr\\\/?s={search_term_string}\"},\"query-input\":{\"@type\":\"PropertyValueSpecification\",\"valueRequired\":true,\"valueName\":\"search_term_string\"}}],\"inLanguage\":\"fr-FR\"}]}<\/script>\n<!-- \/ Yoast SEO plugin. -->","yoast_head_json":{"title":"Nos services - Riverside Boutique Resort","robots":{"index":"index","follow":"follow","max-snippet":"max-snippet:-1","max-image-preview":"max-image-preview:large","max-video-preview":"max-video-preview:-1"},"canonical":"https:\/\/www.riversidevangvieng.com\/fr\/nos-services\/","og_locale":"fr_FR","og_type":"article","og_title":"Nos services - Riverside Boutique Resort","og_description":"[vc_row][vc_column][vc_empty_space][vc_single_image image=\u00a0\u00bb11759&Prime; img_size=\u00a0\u00bbfull\u00a0\u00bb alignment=\u00a0\u00bbcenter\u00a0\u00bb css=\u00a0\u00bb\u00a0\u00bb][\/vc_column][\/vc_row][vc_row][vc_column][vc_column_text css=\u00a0\u00bb\u00a0\u00bb] Nos services [\/vc_column_text][\/vc_column][\/vc_row][vc_row content_placement=\u00a0\u00bbmiddle\u00a0\u00bb][vc_column width=\u00a0\u00bb1\/2&Prime;][vc_column_text css=\u00a0\u00bb\u00a0\u00bb]Berceaux Contactez la r\u00e9ception si vous avez besoin d&rsquo;un berceau. Boissons et minibar Un minibar est disponible dans toutes les chambres. Veuillez contacter la r\u00e9ception si vous souhaitez un article suppl\u00e9mentaire. Caf\u00e9\/Th\u00e9 Une bouilloire et ce qu&rsquo;il faut pour pr\u00e9parer un caf\u00e9 ou du [&hellip;]","og_url":"https:\/\/www.riversidevangvieng.com\/fr\/nos-services\/","og_site_name":"Riverside Boutique Resort","article_modified_time":"2024-12-17T03:25:45+00:00","twitter_card":"summary_large_image","twitter_misc":{"Dur\u00e9e de lecture estim\u00e9e":"4 minutes"},"schema":{"@context":"https:\/\/schema.org","@graph":[{"@type":"WebPage","@id":"https:\/\/www.riversidevangvieng.com\/fr\/nos-services\/","url":"https:\/\/www.riversidevangvieng.com\/fr\/nos-services\/","name":"Nos services - Riverside Boutique Resort","isPartOf":{"@id":"https:\/\/www.riversidevangvieng.com\/fr\/#website"},"datePublished":"2024-10-21T09:06:47+00:00","dateModified":"2024-12-17T03:25:45+00:00","breadcrumb":{"@id":"https:\/\/www.riversidevangvieng.com\/fr\/nos-services\/#breadcrumb"},"inLanguage":"fr-FR","potentialAction":[{"@type":"ReadAction","target":["https:\/\/www.riversidevangvieng.com\/fr\/nos-services\/"]}]},{"@type":"BreadcrumbList","@id":"https:\/\/www.riversidevangvieng.com\/fr\/nos-services\/#breadcrumb","itemListElement":[{"@type":"ListItem","position":1,"name":"Home","item":"https:\/\/www.riversidevangvieng.com\/fr\/"},{"@type":"ListItem","position":2,"name":"Nos services"}]},{"@type":"WebSite","@id":"https:\/\/www.riversidevangvieng.com\/fr\/#website","url":"https:\/\/www.riversidevangvieng.com\/fr\/","name":"Riverside Boutique Resort","description":"Vang Vieng in Style","potentialAction":[{"@type":"SearchAction","target":{"@type":"EntryPoint","urlTemplate":"https:\/\/www.riversidevangvieng.com\/fr\/?s={search_term_string}"},"query-input":{"@type":"PropertyValueSpecification","valueRequired":true,"valueName":"search_term_string"}}],"inLanguage":"fr-FR"}]}},"_links":{"self":[{"href":"https:\/\/www.riversidevangvieng.com\/fr\/wp-json\/wp\/v2\/pages\/11964","targetHints":{"allow":["GET"]}}],"collection":[{"href":"https:\/\/www.riversidevangvieng.com\/fr\/wp-json\/wp\/v2\/pages"}],"about":[{"href":"https:\/\/www.riversidevangvieng.com\/fr\/wp-json\/wp\/v2\/types\/page"}],"author":[{"embeddable":true,"href":"https:\/\/www.riversidevangvieng.com\/fr\/wp-json\/wp\/v2\/users\/2"}],"replies":[{"embeddable":true,"href":"https:\/\/www.riversidevangvieng.com\/fr\/wp-json\/wp\/v2\/comments?post=11964"}],"version-history":[{"count":8,"href":"https:\/\/www.riversidevangvieng.com\/fr\/wp-json\/wp\/v2\/pages\/11964\/revisions"}],"predecessor-version":[{"id":12029,"href":"https:\/\/www.riversidevangvieng.com\/fr\/wp-json\/wp\/v2\/pages\/11964\/revisions\/12029"}],"wp:attachment":[{"href":"https:\/\/www.riversidevangvieng.com\/fr\/wp-json\/wp\/v2\/media?parent=11964"}],"curies":[{"name":"wp","href":"https:\/\/api.w.org\/{rel}","templated":true}]}}