{"id":10263,"date":"2022-07-23T13:37:28","date_gmt":"2022-07-23T13:37:28","guid":{"rendered":"https:\/\/www.riversidevangvieng.com\/spa-menu-3\/"},"modified":"2023-02-08T12:54:23","modified_gmt":"2023-02-08T12:54:23","slug":"spa-forfaits","status":"publish","type":"page","link":"https:\/\/www.riversidevangvieng.com\/fr\/spa-forfaits\/","title":{"rendered":"Spa &#8211; menu 3"},"content":{"rendered":"<div class=\"wpb-content-wrapper\"><p>[vc_row][vc_column]<\/p>\n<p>[vc_empty_space]<\/p>\n<p>[\/vc_column][\/vc_row][vc_row][vc_column][vc_custom_heading text=\u00a0\u00bbForfaits\u00a0\u00bb font_container=\u00a0\u00bbtag:h3|text_align:center\u00a0\u00bb use_theme_fonts=\u00a0\u00bbyes\u00a0\u00bb][vc_empty_space][vc_column_text]<br \/>\n<em>La formule exclusive Riverside (180 mn)<\/em><\/p>\n<p>Cette formule exclusive commence par un massage apaisant \u00e0 base d\u2019huiles essentielles aux extraits de plantes, qui lib\u00e8rent leurs propri\u00e9t\u00e9s th\u00e9rapeutiques dans la peau (45 min.). Des compresses chaudes contenant des herbes du Laos sont ensuite roul\u00e9es et press\u00e9es sur des zones sp\u00e9cifiques du corps, afin de d\u00e9tendre les muscles tendus et stimuler la circulation sanguine (45 min.). Cela est suivit par un gommage du corps traditionnel avec des plantes du Laos (45 min.) afin de nettoyer et lisser la peau. Cette formule se termine avec une s\u00e9ance de sauna en tente (45 mn.). De l\u2019eau infus\u00e9e avec un m\u00e9lange tr\u00e8s parfum\u00e9 d\u2019herbes fra\u00eeches et d\u2019\u00e9pices est chauff\u00e9e afin de cr\u00e9er un bain de vapeur sous une petite tente faisant face aux montagnes. Avec chaque respiration, les herbes lib\u00e8rent leur magie, ouvrant les pores et nettoyant les poumons.<\/p>\n<p>&nbsp;<\/p>\n<p><em>De la t\u00eate aux pieds (90 mn)<\/em><\/p>\n<p>Ce forfait combine r\u00e9flexologie des pieds (45 mn.), r\u00e9flexologie des mains (15 mn.) et massage du dos et des \u00e9paules (30 mn.).<\/p>\n<p>&nbsp;<\/p>\n<p><em>Le r\u00eave de Vang Vieng (135 mn)<\/em><\/p>\n<p>Ce forfait combine r\u00e9flexologie des pieds (45 mn.), massage Lao traditionnel (60 mn) et th\u00e9rapie aux herbes chaudes du Laos (30 mn.).<\/p>\n<p>&nbsp;<\/p>\n<p><em>Corps &amp; esprit (120 mn)<\/em><\/p>\n<p>Ce forfait combine massage aromatique aux huiles essentielles (60 mn.) et gommage exfoliant (60 mn.).<\/p>\n<p>&nbsp;<\/p>\n<p><em>Le rajeunissement de Vang Vieng (165 mn)<\/em><\/p>\n<p>Ce forfait combine r\u00e9flexologie des pieds (45 mn.), massage aromatique aux huiles essentielles (60 mn.), et gommage exfoliant (60 mn.).<\/p>\n<p>&nbsp;<br \/>\n[\/vc_column_text][\/vc_column][\/vc_row][vc_row content_text_alignment=\u00a0\u00bbcenter\u00a0\u00bb][vc_column]<div class=\"qodef-shortcode qodef-m qodef-image-gallery qodef-grid qodef-layout--columns qodef-gutter--normal qodef-col-num--3 qodef-responsive--predefined\">\n\t\n    <div class=\"qodef-grid-inner clear\">\n\t\t<div class=\"qodef-e qodef-image-wrapper qodef-grid-item\">\n\t\t\t<img decoding=\"async\" src=\"https:\/\/www.riversidevangvieng.com\/wp-content\/uploads\/2022\/07\/lotus-01-150x150.png\" alt=\"\" width=\"150\" height=\"150\" data-ratio=\"1\" \/>\t<\/div>    <\/div>\n<\/div>[\/vc_column][\/vc_row]<\/p>\n<\/div>","protected":false},"excerpt":{"rendered":"<p>[vc_row][vc_column] [vc_empty_space] [\/vc_column][\/vc_row][vc_row][vc_column][vc_custom_heading text=\u00a0\u00bbForfaits\u00a0\u00bb font_container=\u00a0\u00bbtag:h3|text_align:center\u00a0\u00bb use_theme_fonts=\u00a0\u00bbyes\u00a0\u00bb][vc_empty_space][vc_column_text] La formule exclusive Riverside (180 mn) Cette formule exclusive commence par un massage apaisant \u00e0 base d\u2019huiles essentielles aux extraits de plantes, qui lib\u00e8rent leurs propri\u00e9t\u00e9s th\u00e9rapeutiques dans la peau (45 min.). Des compresses chaudes contenant des herbes du Laos sont ensuite roul\u00e9es et press\u00e9es sur des zones sp\u00e9cifiques [&hellip;]<\/p>\n","protected":false},"author":2,"featured_media":0,"parent":0,"menu_order":0,"comment_status":"closed","ping_status":"closed","template":"","meta":{"footnotes":""},"class_list":["post-10263","page","type-page","status-publish","hentry"],"yoast_head":"<!-- This site is optimized with the Yoast SEO plugin v27.3 - https:\/\/yoast.com\/product\/yoast-seo-wordpress\/ -->\n<title>Spa - menu 3 - Riverside Boutique Resort<\/title>\n<meta name=\"robots\" content=\"index, follow, max-snippet:-1, max-image-preview:large, max-video-preview:-1\" \/>\n<link rel=\"canonical\" href=\"https:\/\/www.riversidevangvieng.com\/fr\/spa-forfaits\/\" \/>\n<meta property=\"og:locale\" content=\"fr_FR\" \/>\n<meta property=\"og:type\" content=\"article\" \/>\n<meta property=\"og:title\" content=\"Spa - menu 3 - Riverside Boutique Resort\" \/>\n<meta property=\"og:description\" content=\"[vc_row][vc_column] [vc_empty_space] [\/vc_column][\/vc_row][vc_row][vc_column][vc_custom_heading text=\u00a0\u00bbForfaits\u00a0\u00bb font_container=\u00a0\u00bbtag:h3|text_align:center\u00a0\u00bb use_theme_fonts=\u00a0\u00bbyes\u00a0\u00bb][vc_empty_space][vc_column_text] La formule exclusive Riverside (180 mn) Cette formule exclusive commence par un massage apaisant \u00e0 base d\u2019huiles essentielles aux extraits de plantes, qui lib\u00e8rent leurs propri\u00e9t\u00e9s th\u00e9rapeutiques dans la peau (45 min.). Des compresses chaudes contenant des herbes du Laos sont ensuite roul\u00e9es et press\u00e9es sur des zones sp\u00e9cifiques [&hellip;]\" \/>\n<meta property=\"og:url\" content=\"https:\/\/www.riversidevangvieng.com\/fr\/spa-forfaits\/\" \/>\n<meta property=\"og:site_name\" content=\"Riverside Boutique Resort\" \/>\n<meta property=\"article:modified_time\" content=\"2023-02-08T12:54:23+00:00\" \/>\n<meta name=\"twitter:card\" content=\"summary_large_image\" \/>\n<meta name=\"twitter:label1\" content=\"Dur\u00e9e de lecture estim\u00e9e\" \/>\n\t<meta name=\"twitter:data1\" content=\"2 minutes\" \/>\n<script type=\"application\/ld+json\" class=\"yoast-schema-graph\">{\"@context\":\"https:\\\/\\\/schema.org\",\"@graph\":[{\"@type\":\"WebPage\",\"@id\":\"https:\\\/\\\/www.riversidevangvieng.com\\\/fr\\\/spa-forfaits\\\/\",\"url\":\"https:\\\/\\\/www.riversidevangvieng.com\\\/fr\\\/spa-forfaits\\\/\",\"name\":\"Spa - menu 3 - Riverside Boutique Resort\",\"isPartOf\":{\"@id\":\"https:\\\/\\\/www.riversidevangvieng.com\\\/fr\\\/#website\"},\"datePublished\":\"2022-07-23T13:37:28+00:00\",\"dateModified\":\"2023-02-08T12:54:23+00:00\",\"breadcrumb\":{\"@id\":\"https:\\\/\\\/www.riversidevangvieng.com\\\/fr\\\/spa-forfaits\\\/#breadcrumb\"},\"inLanguage\":\"fr-FR\",\"potentialAction\":[{\"@type\":\"ReadAction\",\"target\":[\"https:\\\/\\\/www.riversidevangvieng.com\\\/fr\\\/spa-forfaits\\\/\"]}]},{\"@type\":\"BreadcrumbList\",\"@id\":\"https:\\\/\\\/www.riversidevangvieng.com\\\/fr\\\/spa-forfaits\\\/#breadcrumb\",\"itemListElement\":[{\"@type\":\"ListItem\",\"position\":1,\"name\":\"Home\",\"item\":\"https:\\\/\\\/www.riversidevangvieng.com\\\/fr\\\/\"},{\"@type\":\"ListItem\",\"position\":2,\"name\":\"Spa &#8211; menu 3\"}]},{\"@type\":\"WebSite\",\"@id\":\"https:\\\/\\\/www.riversidevangvieng.com\\\/fr\\\/#website\",\"url\":\"https:\\\/\\\/www.riversidevangvieng.com\\\/fr\\\/\",\"name\":\"Riverside Boutique Resort\",\"description\":\"Vang Vieng in Style\",\"potentialAction\":[{\"@type\":\"SearchAction\",\"target\":{\"@type\":\"EntryPoint\",\"urlTemplate\":\"https:\\\/\\\/www.riversidevangvieng.com\\\/fr\\\/?s={search_term_string}\"},\"query-input\":{\"@type\":\"PropertyValueSpecification\",\"valueRequired\":true,\"valueName\":\"search_term_string\"}}],\"inLanguage\":\"fr-FR\"}]}<\/script>\n<!-- \/ Yoast SEO plugin. -->","yoast_head_json":{"title":"Spa - menu 3 - Riverside Boutique Resort","robots":{"index":"index","follow":"follow","max-snippet":"max-snippet:-1","max-image-preview":"max-image-preview:large","max-video-preview":"max-video-preview:-1"},"canonical":"https:\/\/www.riversidevangvieng.com\/fr\/spa-forfaits\/","og_locale":"fr_FR","og_type":"article","og_title":"Spa - menu 3 - Riverside Boutique Resort","og_description":"[vc_row][vc_column] [vc_empty_space] [\/vc_column][\/vc_row][vc_row][vc_column][vc_custom_heading text=\u00a0\u00bbForfaits\u00a0\u00bb font_container=\u00a0\u00bbtag:h3|text_align:center\u00a0\u00bb use_theme_fonts=\u00a0\u00bbyes\u00a0\u00bb][vc_empty_space][vc_column_text] La formule exclusive Riverside (180 mn) Cette formule exclusive commence par un massage apaisant \u00e0 base d\u2019huiles essentielles aux extraits de plantes, qui lib\u00e8rent leurs propri\u00e9t\u00e9s th\u00e9rapeutiques dans la peau (45 min.). Des compresses chaudes contenant des herbes du Laos sont ensuite roul\u00e9es et press\u00e9es sur des zones sp\u00e9cifiques [&hellip;]","og_url":"https:\/\/www.riversidevangvieng.com\/fr\/spa-forfaits\/","og_site_name":"Riverside Boutique Resort","article_modified_time":"2023-02-08T12:54:23+00:00","twitter_card":"summary_large_image","twitter_misc":{"Dur\u00e9e de lecture estim\u00e9e":"2 minutes"},"schema":{"@context":"https:\/\/schema.org","@graph":[{"@type":"WebPage","@id":"https:\/\/www.riversidevangvieng.com\/fr\/spa-forfaits\/","url":"https:\/\/www.riversidevangvieng.com\/fr\/spa-forfaits\/","name":"Spa - menu 3 - Riverside Boutique Resort","isPartOf":{"@id":"https:\/\/www.riversidevangvieng.com\/fr\/#website"},"datePublished":"2022-07-23T13:37:28+00:00","dateModified":"2023-02-08T12:54:23+00:00","breadcrumb":{"@id":"https:\/\/www.riversidevangvieng.com\/fr\/spa-forfaits\/#breadcrumb"},"inLanguage":"fr-FR","potentialAction":[{"@type":"ReadAction","target":["https:\/\/www.riversidevangvieng.com\/fr\/spa-forfaits\/"]}]},{"@type":"BreadcrumbList","@id":"https:\/\/www.riversidevangvieng.com\/fr\/spa-forfaits\/#breadcrumb","itemListElement":[{"@type":"ListItem","position":1,"name":"Home","item":"https:\/\/www.riversidevangvieng.com\/fr\/"},{"@type":"ListItem","position":2,"name":"Spa &#8211; menu 3"}]},{"@type":"WebSite","@id":"https:\/\/www.riversidevangvieng.com\/fr\/#website","url":"https:\/\/www.riversidevangvieng.com\/fr\/","name":"Riverside Boutique Resort","description":"Vang Vieng in Style","potentialAction":[{"@type":"SearchAction","target":{"@type":"EntryPoint","urlTemplate":"https:\/\/www.riversidevangvieng.com\/fr\/?s={search_term_string}"},"query-input":{"@type":"PropertyValueSpecification","valueRequired":true,"valueName":"search_term_string"}}],"inLanguage":"fr-FR"}]}},"_links":{"self":[{"href":"https:\/\/www.riversidevangvieng.com\/fr\/wp-json\/wp\/v2\/pages\/10263","targetHints":{"allow":["GET"]}}],"collection":[{"href":"https:\/\/www.riversidevangvieng.com\/fr\/wp-json\/wp\/v2\/pages"}],"about":[{"href":"https:\/\/www.riversidevangvieng.com\/fr\/wp-json\/wp\/v2\/types\/page"}],"author":[{"embeddable":true,"href":"https:\/\/www.riversidevangvieng.com\/fr\/wp-json\/wp\/v2\/users\/2"}],"replies":[{"embeddable":true,"href":"https:\/\/www.riversidevangvieng.com\/fr\/wp-json\/wp\/v2\/comments?post=10263"}],"version-history":[{"count":6,"href":"https:\/\/www.riversidevangvieng.com\/fr\/wp-json\/wp\/v2\/pages\/10263\/revisions"}],"predecessor-version":[{"id":10929,"href":"https:\/\/www.riversidevangvieng.com\/fr\/wp-json\/wp\/v2\/pages\/10263\/revisions\/10929"}],"wp:attachment":[{"href":"https:\/\/www.riversidevangvieng.com\/fr\/wp-json\/wp\/v2\/media?parent=10263"}],"curies":[{"name":"wp","href":"https:\/\/api.w.org\/{rel}","templated":true}]}}