{"id":10260,"date":"2022-07-23T13:36:23","date_gmt":"2022-07-23T13:36:23","guid":{"rendered":"https:\/\/www.riversidevangvieng.com\/spa-menu-2\/"},"modified":"2023-02-08T12:50:50","modified_gmt":"2023-02-08T12:50:50","slug":"spa-soins-corporels","status":"publish","type":"page","link":"https:\/\/www.riversidevangvieng.com\/fr\/spa-soins-corporels\/","title":{"rendered":"Spa &#8211; menu 2"},"content":{"rendered":"<div class=\"wpb-content-wrapper\"><p>[vc_row][vc_column]<\/p>\n<p>[vc_empty_space]<\/p>\n<p>[\/vc_column][\/vc_row][vc_row][vc_column][vc_custom_heading text=\u00a0\u00bbSoins corporels\u00a0\u00bb font_container=\u00a0\u00bbtag:h3|text_align:center\u00a0\u00bb use_theme_fonts=\u00a0\u00bbyes\u00a0\u00bb][vc_empty_space][vc_column_text]<br \/>\n<em>Gommage exfoliant Riverside (60 mn)<\/em><\/p>\n<p>Ce traitement vise \u00e0 \u00e9liminer la peau s\u00e8che, absorber les impuret\u00e9s, et laisser la peau lisse et l\u00e9g\u00e8rement hydrat\u00e9e. Il utilise une combinaison de produits naturels.<\/p>\n<p>&nbsp;<\/p>\n<p><em>Traitement coups de soleil (30 mn)<\/em><\/p>\n<p>Ce traitement comprend un l\u00e9ger massage avec un gel d\u2019Aloe Vera, et un mini-facial, dans le but d\u2019apaiser les coups de soleil.<br \/>\n[\/vc_column_text][\/vc_column][\/vc_row][vc_row content_text_alignment=\u00a0\u00bbcenter\u00a0\u00bb][vc_column]<div class=\"qodef-shortcode qodef-m qodef-image-gallery qodef-grid qodef-layout--columns qodef-gutter--normal qodef-col-num--3 qodef-responsive--predefined\">\n\t\n    <div class=\"qodef-grid-inner clear\">\n\t\t<div class=\"qodef-e qodef-image-wrapper qodef-grid-item\">\n\t\t\t<img decoding=\"async\" src=\"https:\/\/www.riversidevangvieng.com\/wp-content\/uploads\/2022\/07\/lotus-01-150x150.png\" alt=\"\" width=\"150\" height=\"150\" data-ratio=\"1\" \/>\t<\/div>    <\/div>\n<\/div>[\/vc_column][\/vc_row]<\/p>\n<\/div>","protected":false},"excerpt":{"rendered":"<p>[vc_row][vc_column] [vc_empty_space] [\/vc_column][\/vc_row][vc_row][vc_column][vc_custom_heading text=\u00a0\u00bbSoins corporels\u00a0\u00bb font_container=\u00a0\u00bbtag:h3|text_align:center\u00a0\u00bb use_theme_fonts=\u00a0\u00bbyes\u00a0\u00bb][vc_empty_space][vc_column_text] Gommage exfoliant Riverside (60 mn) Ce traitement vise \u00e0 \u00e9liminer la peau s\u00e8che, absorber les impuret\u00e9s, et laisser la peau lisse et l\u00e9g\u00e8rement hydrat\u00e9e. Il utilise une combinaison de produits naturels. &nbsp; Traitement coups de soleil (30 mn) Ce traitement comprend un l\u00e9ger massage avec un gel d\u2019Aloe [&hellip;]<\/p>\n","protected":false},"author":2,"featured_media":0,"parent":0,"menu_order":0,"comment_status":"closed","ping_status":"closed","template":"","meta":{"footnotes":""},"class_list":["post-10260","page","type-page","status-publish","hentry"],"yoast_head":"<!-- This site is optimized with the Yoast SEO plugin v27.4 - https:\/\/yoast.com\/product\/yoast-seo-wordpress\/ -->\n<title>Spa - menu 2 - Riverside Boutique Resort<\/title>\n<meta name=\"robots\" content=\"index, follow, max-snippet:-1, max-image-preview:large, max-video-preview:-1\" \/>\n<link rel=\"canonical\" href=\"https:\/\/www.riversidevangvieng.com\/fr\/spa-soins-corporels\/\" \/>\n<meta property=\"og:locale\" content=\"fr_FR\" \/>\n<meta property=\"og:type\" content=\"article\" \/>\n<meta property=\"og:title\" content=\"Spa - menu 2 - Riverside Boutique Resort\" \/>\n<meta property=\"og:description\" content=\"[vc_row][vc_column] [vc_empty_space] [\/vc_column][\/vc_row][vc_row][vc_column][vc_custom_heading text=\u00a0\u00bbSoins corporels\u00a0\u00bb font_container=\u00a0\u00bbtag:h3|text_align:center\u00a0\u00bb use_theme_fonts=\u00a0\u00bbyes\u00a0\u00bb][vc_empty_space][vc_column_text] Gommage exfoliant Riverside (60 mn) Ce traitement vise \u00e0 \u00e9liminer la peau s\u00e8che, absorber les impuret\u00e9s, et laisser la peau lisse et l\u00e9g\u00e8rement hydrat\u00e9e. Il utilise une combinaison de produits naturels. &nbsp; Traitement coups de soleil (30 mn) Ce traitement comprend un l\u00e9ger massage avec un gel d\u2019Aloe [&hellip;]\" \/>\n<meta property=\"og:url\" content=\"https:\/\/www.riversidevangvieng.com\/fr\/spa-soins-corporels\/\" \/>\n<meta property=\"og:site_name\" content=\"Riverside Boutique Resort\" \/>\n<meta property=\"article:modified_time\" content=\"2023-02-08T12:50:50+00:00\" \/>\n<meta name=\"twitter:card\" content=\"summary_large_image\" \/>\n<meta name=\"twitter:label1\" content=\"Dur\u00e9e de lecture estim\u00e9e\" \/>\n\t<meta name=\"twitter:data1\" content=\"1 minute\" \/>\n<script type=\"application\/ld+json\" class=\"yoast-schema-graph\">{\"@context\":\"https:\\\/\\\/schema.org\",\"@graph\":[{\"@type\":\"WebPage\",\"@id\":\"https:\\\/\\\/www.riversidevangvieng.com\\\/fr\\\/spa-soins-corporels\\\/\",\"url\":\"https:\\\/\\\/www.riversidevangvieng.com\\\/fr\\\/spa-soins-corporels\\\/\",\"name\":\"Spa - menu 2 - Riverside Boutique Resort\",\"isPartOf\":{\"@id\":\"https:\\\/\\\/www.riversidevangvieng.com\\\/fr\\\/#website\"},\"datePublished\":\"2022-07-23T13:36:23+00:00\",\"dateModified\":\"2023-02-08T12:50:50+00:00\",\"breadcrumb\":{\"@id\":\"https:\\\/\\\/www.riversidevangvieng.com\\\/fr\\\/spa-soins-corporels\\\/#breadcrumb\"},\"inLanguage\":\"fr-FR\",\"potentialAction\":[{\"@type\":\"ReadAction\",\"target\":[\"https:\\\/\\\/www.riversidevangvieng.com\\\/fr\\\/spa-soins-corporels\\\/\"]}]},{\"@type\":\"BreadcrumbList\",\"@id\":\"https:\\\/\\\/www.riversidevangvieng.com\\\/fr\\\/spa-soins-corporels\\\/#breadcrumb\",\"itemListElement\":[{\"@type\":\"ListItem\",\"position\":1,\"name\":\"Home\",\"item\":\"https:\\\/\\\/www.riversidevangvieng.com\\\/fr\\\/\"},{\"@type\":\"ListItem\",\"position\":2,\"name\":\"Spa &#8211; menu 2\"}]},{\"@type\":\"WebSite\",\"@id\":\"https:\\\/\\\/www.riversidevangvieng.com\\\/fr\\\/#website\",\"url\":\"https:\\\/\\\/www.riversidevangvieng.com\\\/fr\\\/\",\"name\":\"Riverside Boutique Resort\",\"description\":\"Vang Vieng in Style\",\"potentialAction\":[{\"@type\":\"SearchAction\",\"target\":{\"@type\":\"EntryPoint\",\"urlTemplate\":\"https:\\\/\\\/www.riversidevangvieng.com\\\/fr\\\/?s={search_term_string}\"},\"query-input\":{\"@type\":\"PropertyValueSpecification\",\"valueRequired\":true,\"valueName\":\"search_term_string\"}}],\"inLanguage\":\"fr-FR\"}]}<\/script>\n<!-- \/ Yoast SEO plugin. -->","yoast_head_json":{"title":"Spa - menu 2 - Riverside Boutique Resort","robots":{"index":"index","follow":"follow","max-snippet":"max-snippet:-1","max-image-preview":"max-image-preview:large","max-video-preview":"max-video-preview:-1"},"canonical":"https:\/\/www.riversidevangvieng.com\/fr\/spa-soins-corporels\/","og_locale":"fr_FR","og_type":"article","og_title":"Spa - menu 2 - Riverside Boutique Resort","og_description":"[vc_row][vc_column] [vc_empty_space] [\/vc_column][\/vc_row][vc_row][vc_column][vc_custom_heading text=\u00a0\u00bbSoins corporels\u00a0\u00bb font_container=\u00a0\u00bbtag:h3|text_align:center\u00a0\u00bb use_theme_fonts=\u00a0\u00bbyes\u00a0\u00bb][vc_empty_space][vc_column_text] Gommage exfoliant Riverside (60 mn) Ce traitement vise \u00e0 \u00e9liminer la peau s\u00e8che, absorber les impuret\u00e9s, et laisser la peau lisse et l\u00e9g\u00e8rement hydrat\u00e9e. Il utilise une combinaison de produits naturels. &nbsp; Traitement coups de soleil (30 mn) Ce traitement comprend un l\u00e9ger massage avec un gel d\u2019Aloe [&hellip;]","og_url":"https:\/\/www.riversidevangvieng.com\/fr\/spa-soins-corporels\/","og_site_name":"Riverside Boutique Resort","article_modified_time":"2023-02-08T12:50:50+00:00","twitter_card":"summary_large_image","twitter_misc":{"Dur\u00e9e de lecture estim\u00e9e":"1 minute"},"schema":{"@context":"https:\/\/schema.org","@graph":[{"@type":"WebPage","@id":"https:\/\/www.riversidevangvieng.com\/fr\/spa-soins-corporels\/","url":"https:\/\/www.riversidevangvieng.com\/fr\/spa-soins-corporels\/","name":"Spa - menu 2 - Riverside Boutique Resort","isPartOf":{"@id":"https:\/\/www.riversidevangvieng.com\/fr\/#website"},"datePublished":"2022-07-23T13:36:23+00:00","dateModified":"2023-02-08T12:50:50+00:00","breadcrumb":{"@id":"https:\/\/www.riversidevangvieng.com\/fr\/spa-soins-corporels\/#breadcrumb"},"inLanguage":"fr-FR","potentialAction":[{"@type":"ReadAction","target":["https:\/\/www.riversidevangvieng.com\/fr\/spa-soins-corporels\/"]}]},{"@type":"BreadcrumbList","@id":"https:\/\/www.riversidevangvieng.com\/fr\/spa-soins-corporels\/#breadcrumb","itemListElement":[{"@type":"ListItem","position":1,"name":"Home","item":"https:\/\/www.riversidevangvieng.com\/fr\/"},{"@type":"ListItem","position":2,"name":"Spa &#8211; menu 2"}]},{"@type":"WebSite","@id":"https:\/\/www.riversidevangvieng.com\/fr\/#website","url":"https:\/\/www.riversidevangvieng.com\/fr\/","name":"Riverside Boutique Resort","description":"Vang Vieng in Style","potentialAction":[{"@type":"SearchAction","target":{"@type":"EntryPoint","urlTemplate":"https:\/\/www.riversidevangvieng.com\/fr\/?s={search_term_string}"},"query-input":{"@type":"PropertyValueSpecification","valueRequired":true,"valueName":"search_term_string"}}],"inLanguage":"fr-FR"}]}},"_links":{"self":[{"href":"https:\/\/www.riversidevangvieng.com\/fr\/wp-json\/wp\/v2\/pages\/10260","targetHints":{"allow":["GET"]}}],"collection":[{"href":"https:\/\/www.riversidevangvieng.com\/fr\/wp-json\/wp\/v2\/pages"}],"about":[{"href":"https:\/\/www.riversidevangvieng.com\/fr\/wp-json\/wp\/v2\/types\/page"}],"author":[{"embeddable":true,"href":"https:\/\/www.riversidevangvieng.com\/fr\/wp-json\/wp\/v2\/users\/2"}],"replies":[{"embeddable":true,"href":"https:\/\/www.riversidevangvieng.com\/fr\/wp-json\/wp\/v2\/comments?post=10260"}],"version-history":[{"count":7,"href":"https:\/\/www.riversidevangvieng.com\/fr\/wp-json\/wp\/v2\/pages\/10260\/revisions"}],"predecessor-version":[{"id":10922,"href":"https:\/\/www.riversidevangvieng.com\/fr\/wp-json\/wp\/v2\/pages\/10260\/revisions\/10922"}],"wp:attachment":[{"href":"https:\/\/www.riversidevangvieng.com\/fr\/wp-json\/wp\/v2\/media?parent=10260"}],"curies":[{"name":"wp","href":"https:\/\/api.w.org\/{rel}","templated":true}]}}